{"id":742,"date":"2024-12-12T23:08:54","date_gmt":"2024-12-13T02:08:54","guid":{"rendered":"https:\/\/arcagoias.org.br\/?page_id=742"},"modified":"2026-01-30T11:07:26","modified_gmt":"2026-01-30T14:07:26","slug":"transparencia","status":"publish","type":"page","link":"https:\/\/arcagoias.org.br\/index.php\/transparencia\/","title":{"rendered":"Transpar\u00eancia"},"content":{"rendered":"\n<p>Projeto Rede ARCA de Agroecologia e Seguran\u00e7a Alimentar no Cerrado<br>Relat\u00f3rio anual de Presta\u00e7\u00e3o de Contas: <\/p>\n\n\n\n<p><a href=\"https:\/\/drive.google.com\/drive\/folders\/1ai1N4E6FqLVt8dWghH6Oi0eJUuT3OnlD?usp=sharing\">https:\/\/drive.google.com\/drive\/folders\/1ai1N4E6FqLVt8dWghH6Oi0eJUuT3OnlD?usp=sharing<\/a><\/p>\n\n\n\n<p>Documentos exigidos pelo Artigo 63 do decreto 7724\/2012:<\/p>\n\n\n\n<div class=\"wp-block-file\"><a href=\"https:\/\/arcagoias.org.br\/wp-content\/uploads\/2026\/01\/Estatuto-ARCA-2025.pdf\">Estatuto-ARCA-2025<\/a><a href=\"https:\/\/arcagoias.org.br\/wp-content\/uploads\/2026\/01\/Estatuto-ARCA-2025.pdf\" class=\"wp-block-file__button\" download>Baixar<\/a><\/div>\n\n\n\n<div class=\"wp-block-file\"><a href=\"https:\/\/arcagoias.org.br\/wp-content\/uploads\/2026\/01\/Ata-ARCA-Eleicao-2024.pdf\">Ata-ARCA-Eleicao-2024<\/a><a href=\"https:\/\/arcagoias.org.br\/wp-content\/uploads\/2026\/01\/Ata-ARCA-Eleicao-2024.pdf\" class=\"wp-block-file__button\" download>Baixar<\/a><\/div>\n\n\n\n<div class=\"wp-block-file\"><a href=\"https:\/\/arcagoias.org.br\/wp-content\/uploads\/2026\/01\/969638-SEI_MAPA-39706468-Termo-de-Fomento-MDA.pdf\">969638-SEI_MAPA-39706468-Termo-de-Fomento-MDA<\/a><a href=\"https:\/\/arcagoias.org.br\/wp-content\/uploads\/2026\/01\/969638-SEI_MAPA-39706468-Termo-de-Fomento-MDA.pdf\" class=\"wp-block-file__button\" download>Baixar<\/a><\/div>\n\n\n\n<p>Informa\u00e7\u00f5es exigidas pelo Art 11 da Lei 13.019\/2014<\/p>\n\n\n\n<p>Termo de fomento 969638\/2024, assinado no dia 23\/12\/2024 junto ao Minist\u00e9rio de Desenvolvimento Agr\u00e1rio e Agricultura Familiar<\/p>\n\n\n\n<p>Celebrante: Associa\u00e7\u00e3o para Recupera\u00e7\u00e3o e Conserva\u00e7\u00e3o do Ambiente &#8211; ARCA, CNPJ 00.904.326\/0001-43<\/p>\n\n\n\n<p>Objeto da parceria: O objeto do presente Termo de Fomento \u00e9 a execu\u00e7\u00e3o de &#8220;Fortalecer, ampliar e estruturar sistemas produvos agroecol\u00f3gicos em Rede de 14 territ\u00f3rios de Goi\u00e1s, atrav\u00e9s de assessoria, capacita\u00e7\u00e3o, constru\u00e7\u00e3o de conhecimento, inova\u00e7\u00e3o, e forma\u00e7\u00e3o de agentes de transi\u00e7\u00e3o agroecol\u00f3gica&#8221; visando \u00e0 consecu\u00e7\u00e3o de finalidade de interesse p\u00fablico e rec\u00edproco, conforme especifica\u00e7\u00f5es estabelecidas no plano de trabalho.<\/p>\n\n\n\n<p>Valor total da parceria (100% j\u00e1 liberado): <strong>R$ 3.916.368,01<\/strong><\/p>\n\n\n\n<p>Situa\u00e7\u00e3o da presta\u00e7\u00e3o de contas: Relat\u00f3rio anual de presta\u00e7\u00e3o de contas de 2025 conclu\u00eddo.<\/p>\n\n\n\n<p>Valor total de remunera\u00e7\u00e3o da equipe de trabalho:<\/p>\n\n\n\n<p>Coordenador Geral: R$ 180,000,00<\/p>\n\n\n\n<p>Coordenador Setorial: R$ 180.000,00<\/p>\n\n\n\n<p>Coordenador de Sistema Produtivos Agroecol\u00f3gicos: R$ 81.000,00<\/p>\n\n\n\n<p>Coordena\u00e7\u00e3o de Gest\u00e3o e Acesso a Mercados: R$ 81.000,00<\/p>\n\n\n\n<p>Coordena\u00e7\u00e3o de Comunica\u00e7\u00e3o: R$ 180.000,00<\/p>\n\n\n\n<p>T\u00e9cnicos Territoriais: R$ 192.000,00<\/p>\n\n\n\n<p>T\u00e9cnico Especialista Agron\u00f4mo: R$ 13.000,00<\/p>\n\n\n\n<p>T\u00e9cnico Especialista Veterin\u00e1rio: R$ 13.000,00<\/p>\n\n\n\n<p>Gestor Institucional: R$ 120.000,00<\/p>\n\n\n\n<p>Apoio Administrativo: R$ 50.000,00<\/p>\n\n\n\n<p>Gest\u00e3o de sistemas e presta\u00e7\u00e3o de contas: R$ 80.000,00<\/p>\n\n\n\n<p><\/p>\n\n\n\n<p><strong>TERMO DE FOMENTO MDA TRANSFEREGOV.BR No 969638\/2024<\/strong> firmado no dia 23\/12\/2024 junto ao Minist\u00e9rio de Desenvolvimento Agr\u00e1rio e Agricultura Familiar para execu\u00e7\u00e3o do projeto Rede ARCA de Agroecologia e Seguran\u00e7a Alimentar no Cerrado no valor total de R$ 3.916.368,01.  <\/p>\n\n\n\n<div class=\"wp-block-file\"><a href=\"https:\/\/arcagoias.org.br\/wp-content\/uploads\/2025\/07\/969638-SEI_MAPA-39706468-Termo-de-Fomento-MDA.pdf\">969638-SEI_MAPA-39706468-Termo-de-Fomento-MDA<\/a><a href=\"https:\/\/arcagoias.org.br\/wp-content\/uploads\/2025\/07\/969638-SEI_MAPA-39706468-Termo-de-Fomento-MDA.pdf\" class=\"wp-block-file__button\" download>Baixar<\/a><\/div>\n\n\n\n<p>Pagamentos realizados no primeiro semestre de 2025:<\/p>\n\n\n\n<div class=\"wp-block-file\"><a href=\"https:\/\/arcagoias.org.br\/wp-content\/uploads\/2025\/07\/pagamentossemestre.htm\">pagamentossemestre<\/a><a href=\"https:\/\/arcagoias.org.br\/wp-content\/uploads\/2025\/07\/pagamentossemestre.htm\" class=\"wp-block-file__button\" download>Baixar<\/a><\/div>\n\n\n\n<p>Relat\u00f3rios gerados pelo Transferegov referentes a 2025:<\/p>\n\n\n\n<div class=\"wp-block-file\"><a href=\"https:\/\/arcagoias.org.br\/wp-content\/uploads\/2026\/01\/PagamentosRealizados2025.pdf\">PagamentosRealizados2025<\/a><a href=\"https:\/\/arcagoias.org.br\/wp-content\/uploads\/2026\/01\/PagamentosRealizados2025.pdf\" class=\"wp-block-file__button\" download>Baixar<\/a><\/div>\n\n\n\n<div class=\"wp-block-file\"><a href=\"https:\/\/arcagoias.org.br\/wp-content\/uploads\/2026\/01\/RelatorioReceitasDespesas2025.pdf\">RelatorioReceitasDespesas2025<\/a><a href=\"https:\/\/arcagoias.org.br\/wp-content\/uploads\/2026\/01\/RelatorioReceitasDespesas2025.pdf\" class=\"wp-block-file__button\" download>Baixar<\/a><\/div>\n\n\n\n<div class=\"wp-block-file\"><a href=\"https:\/\/arcagoias.org.br\/wp-content\/uploads\/2026\/01\/DocumentosLiquidac\u0327a\u0303o.pdf\">DocumentosLiquidac\u0327a\u0303o<\/a><a href=\"https:\/\/arcagoias.org.br\/wp-content\/uploads\/2026\/01\/DocumentosLiquidac\u0327a\u0303o.pdf\" class=\"wp-block-file__button\" download>Baixar<\/a><\/div>\n\n\n\n<p>_____________________________________<\/p>\n\n\n\n<p>Em cumprimento ao Art. 40-A da PORTARIA CONJUNTA MF\/MPO\/MGI\/SRI-PR N. 115, de 10 de dezembro de 2024, ser\u00e3o publicados aqui os valores recebidos e aplicados oriundos de emendas parlamentares a partir de 2020.<\/p>\n\n\n\n<p>At\u00e9 o momento a ARCA n\u00e3o recebeu valores oriundos de emendas parlamentares.<\/p>\n\n\n\n<p><\/p>\n","protected":false},"excerpt":{"rendered":"<p>Projeto Rede ARCA de Agroecologia e Seguran\u00e7a Alimentar no CerradoRelat\u00f3rio anual de Presta\u00e7\u00e3o de Contas: https:\/\/drive.google.com\/drive\/folders\/1ai1N4E6FqLVt8dWghH6Oi0eJUuT3OnlD?usp=sharing Documentos exigidos pelo Artigo 63 do decreto 7724\/2012: Informa\u00e7\u00f5es exigidas<span class=\"excerpt-hellip\"> [\u2026]<\/span><\/p>\n","protected":false},"author":2,"featured_media":0,"parent":0,"menu_order":0,"comment_status":"closed","ping_status":"closed","template":"","meta":{"_monsterinsights_skip_tracking":false,"_monsterinsights_sitenote_active":false,"_monsterinsights_sitenote_note":"","_monsterinsights_sitenote_category":0},"_links":{"self":[{"href":"https:\/\/arcagoias.org.br\/index.php\/wp-json\/wp\/v2\/pages\/742"}],"collection":[{"href":"https:\/\/arcagoias.org.br\/index.php\/wp-json\/wp\/v2\/pages"}],"about":[{"href":"https:\/\/arcagoias.org.br\/index.php\/wp-json\/wp\/v2\/types\/page"}],"author":[{"embeddable":true,"href":"https:\/\/arcagoias.org.br\/index.php\/wp-json\/wp\/v2\/users\/2"}],"replies":[{"embeddable":true,"href":"https:\/\/arcagoias.org.br\/index.php\/wp-json\/wp\/v2\/comments?post=742"}],"version-history":[{"count":6,"href":"https:\/\/arcagoias.org.br\/index.php\/wp-json\/wp\/v2\/pages\/742\/revisions"}],"predecessor-version":[{"id":776,"href":"https:\/\/arcagoias.org.br\/index.php\/wp-json\/wp\/v2\/pages\/742\/revisions\/776"}],"wp:attachment":[{"href":"https:\/\/arcagoias.org.br\/index.php\/wp-json\/wp\/v2\/media?parent=742"}],"curies":[{"name":"wp","href":"https:\/\/api.w.org\/{rel}","templated":true}]}}