{"id":476,"date":"2021-08-09T13:46:49","date_gmt":"2021-08-09T16:46:49","guid":{"rendered":"https:\/\/arcagoias.org.br\/?page_id=476"},"modified":"2025-03-24T11:11:47","modified_gmt":"2025-03-24T14:11:47","slug":"inicio","status":"publish","type":"page","link":"https:\/\/arcagoias.org.br\/","title":{"rendered":"In\u00edcio"},"content":{"rendered":"<p>[vc_row full_width=&#8221;stretch_row_content_no_spaces&#8221; content_placement=&#8221;middle&#8221; parallax=&#8221;content-moving-fade&#8221; parallax_image=&#8221;577&#8243; parallax_speed_bg=&#8221;1.3&#8243; css=&#8221;.vc_custom_1628976587578{margin-top: 100px !important;padding-top: 135px !important;padding-bottom: 135px !important;background-color: #81d742 !important;}&#8221;][vc_column width=&#8221;1\/6&#8243;][\/vc_column][vc_column width=&#8221;1\/3&#8243; css=&#8221;.vc_custom_1628976747159{padding-top: 15px !important;padding-right: 15px !important;padding-bottom: 15px !important;padding-left: 15px !important;background-color: rgba(0,100,0,0.79) !important;*background-color: rgb(0,100,0) !important;}&#8221;][vc_column_text css=&#8221;.vc_custom_1628976550189{padding-top: 75px !important;padding-right: 25px !important;padding-bottom: 55px !important;padding-left: 25px !important;background-color: rgba(224,224,224,0.01) !important;*background-color: rgb(224,224,224) !important;}&#8221;]<\/p>\n<h1 style=\"text-align: left; color: #e0c900;\"><b>ARCA<\/b><\/h1>\n<hr class=\"no_line\" style=\"margin: 0 auto 15px;\"\/>\n\n<h3 style=\"text-align: left; color: white;\">Associa\u00e7\u00e3o para Recupera\u00e7\u00e3o e Conserva\u00e7\u00e3o do Ambiente<\/h3>\n<p>[\/vc_column_text][\/vc_column][vc_column width=&#8221;2\/6&#8243;][\/vc_column][vc_column width=&#8221;1\/6&#8243;][\/vc_column][\/vc_row][vc_row full_width=&#8221;stretch_row_content_no_spaces&#8221;][vc_column][vc_separator color=&#8221;chino&#8221; style=&#8221;double&#8221; el_width=&#8221;20&#8243;][\/vc_column][\/vc_row][vc_row][vc_column width=&#8221;4\/6&#8243;][vc_media_grid element_width=&#8221;12&#8243; gap=&#8221;0&#8243; item=&#8221;masonryMedia_Default&#8221; initial_loading_animation=&#8221;fadeInRight&#8221; grid_id=&#8221;vc_gid:1742824918353-79481048231f7021c99dcca69fd4b1f5-9&#8243; include=&#8221;750&#8243;][\/vc_column][vc_column width=&#8221;2\/6&#8243; css=&#8221;.vc_custom_1628638246401{padding-top: 50px !important;}&#8221;][vc_column_text]<\/p>\n<h4 style=\"color: red; text-align: right;\"><b>Projeto REDE ARCA de Agroecologia e Seguran\u00e7a Alimentar do Cerrado<\/b><\/h4>\n<hr class=\"no_line\" style=\"margin: 0 auto 30px;\"\/>\n\n<h4 style=\"text-align: right;\">Termo de Fomento n\u00ba 989836\/2024 MDA\/ARCA<\/h4>\n<h2 style=\"text-align: right;\"><strong>Editais de Contrata\u00e7\u00e3o em Aberto<\/strong><\/h2>\n<p>[\/vc_column_text][vc_column_text]<\/p>\n<p style=\"text-align: justify; color: #3d3d3d;\">A ARCA executa desde dezembro de 2024, o projeto REDE ARCA de Agroecologia e Seguran\u00e7a Alimentar do Cerrado, que tem como objeto fortalecer, ampliar e estruturar sistemas produtivos agroecol\u00f3gicos em Rede de 14 territ\u00f3rios de Goi\u00e1s, atrav\u00e9s de assessoria, capacita\u00e7\u00e3o, constru\u00e7\u00e3o de conhecimento, inova\u00e7\u00e3o, e forma\u00e7\u00e3o de agentes de transi\u00e7\u00e3o agroecol\u00f3gica.<\/p>\n<p>Encontram-se em aberto os seguintes editais (envio de curr\u00edculos para arcagoias@gmail.com):<\/p>\n<p><a href=\"https:\/\/drive.google.com\/file\/d\/1sV2B5PWbRvwC9IVpxn_ITK6DZcX4Uend\/view?usp=sharing\" target=\"_blank\" rel=\"noopener\">Errata ao Edital de Contrata\u00e7\u00e3o ARCA 03\/2025<\/a><\/p>\n<p><a href=\"https:\/\/drive.google.com\/file\/d\/1X-5vnXQRuUbhQ4rABSLewmcHxYm07gPk\/view?usp=sharing\" target=\"_blank\" rel=\"noopener\">Edital de Contrata\u00e7\u00e3o ARCA 03\/2025<\/a><\/p>\n<p><a href=\"https:\/\/drive.google.com\/file\/d\/1jrw7sBNvAAwrDOre94d2wbjsBMqonw1q\/view?usp=drive_link\" target=\"_blank\" rel=\"noopener\">Edital de Contrata\u00e7\u00e3o ARCA 02\/2025<\/a><\/p>\n<p>Edital de Contrata\u00e7\u00e3o 01\/2025 &#8211; Processo encerrado.[\/vc_column_text][\/vc_column][\/vc_row][vc_row][vc_column width=&#8221;4\/6&#8243;][vc_separator color=&#8221;chino&#8221; style=&#8221;double&#8221; el_width=&#8221;20&#8243;][vc_media_grid element_width=&#8221;12&#8243; gap=&#8221;0&#8243; item=&#8221;masonryMedia_Default&#8221; initial_loading_animation=&#8221;fadeInRight&#8221; grid_id=&#8221;vc_gid:1742824918472-7504c5f970e7190cdaa6e9bffdb5c52a-9&#8243; include=&#8221;511&#8243;][\/vc_column][vc_column width=&#8221;2\/6&#8243; css=&#8221;.vc_custom_1628638246401{padding-top: 50px !important;}&#8221;][vc_separator color=&#8221;chino&#8221; style=&#8221;double&#8221; el_width=&#8221;20&#8243;][vc_column_text]<\/p>\n<h4 style=\"color: red; text-align: right;\"><b>Curso Iniciado (Aguarde o pr\u00f3ximo ano para novas turmas)<\/b><\/h4>\n<hr class=\"no_line\" style=\"margin: 0 auto 30px;\"\/>\n\n<h4 style=\"text-align: right;\">Lato Sensu em<\/h4>\n<h2 style=\"text-align: right;\"><strong>Planejamento Urbano e Ambiental<\/strong><\/h2>\n<p>[\/vc_column_text][vc_column_text]<\/p>\n<p style=\"text-align: justify; color: #3d3d3d;\">Em Setembro come\u00e7ar\u00e3o as aulas da 8\u00aa turma do Curso de Especializa\u00e7\u00e3o em Planejamento Urbano e Ambiental da ARCA. Dessa vez o curso ser\u00e1 integralmente online e usar\u00e1 como laborat\u00f3rio a revis\u00e3o do Plano Diretor de Itumbiara\/GO.<\/p>\n<p>[\/vc_column_text][vc_column_text]<\/p>\n<p style=\"text-align: center;\">Curso<\/p>\n<p style=\"text-align: center;\"><b>INICIADO!<\/b><\/p>\n<p>[\/vc_column_text][\/vc_column][\/vc_row][vc_row full_width=&#8221;stretch_row_content_no_spaces&#8221;][vc_column][vc_media_grid element_width=&#8221;2&#8243; gap=&#8221;0&#8243; item=&#8221;mediaGrid_ScaleWithRotation&#8221; grid_id=&#8221;vc_gid:1742824918640-671e305ed26c5d2ff4da151ee04de41b-10&#8243; include=&#8221;397,606,197,189,605,305&#8243;][\/vc_column][\/vc_row][vc_row full_width=&#8221;stretch_row_content_no_spaces&#8221;][vc_column][vc_separator color=&#8221;chino&#8221; style=&#8221;double&#8221; el_width=&#8221;20&#8243;][\/vc_column][\/vc_row][vc_row][vc_column width=&#8221;2\/3&#8243;][vc_custom_heading text=&#8221;Not\u00edcias em Destaque&#8221; font_container=&#8221;tag:h2|font_size:40|text_align:center|line_height:1&#8243; google_fonts=&#8221;font_family:Open%20Sans%3A300%2C300italic%2Cregular%2Citalic%2C600%2C600italic%2C700%2C700italic%2C800%2C800italic|font_style:700%20bold%20regular%3A700%3Anormal&#8221; css=&#8221;.vc_custom_1628972375256{margin-top: 0px !important;padding-bottom: 10px !important;}&#8221;]<div class=\"column_filters\"><div class=\"blog_wrapper isotope_wrapper clearfix\"><div class=\"posts_group lm_wrapper col-2 grid hide-more\"><div class=\"post-item isotope-item clearfix post-732 post type-post status-publish format-standard has-post-thumbnail hentry category-artigos category-destaque category-pd-itumbiara\" ><div class=\"date_label\">20 de outubro de 2022<\/div><div class=\"image_frame post-photo-wrapper scale-with-grid image\"><div class=\"image_wrapper\"><a href=\"https:\/\/arcagoias.org.br\/index.php\/2022\/10\/20\/diagnostico-e-documentos-plano-diretor-de-itumbiara\/\"><div class=\"mask\"><\/div><img width=\"960\" height=\"720\" src=\"https:\/\/arcagoias.org.br\/wp-content\/uploads\/2022\/10\/Itumbiara-prac\u0327a-da-repu\u0301blica-plano-diretor-arca-goia\u0301s-planejamento-urbano-site-meio-ambiente-960x720.jpeg\" class=\"scale-with-grid wp-post-image\" alt=\"\" \/><\/a><div class=\"image_links double\"><a href=\"https:\/\/arcagoias.org.br\/wp-content\/uploads\/2022\/10\/Itumbiara-prac\u0327a-da-repu\u0301blica-plano-diretor-arca-goia\u0301s-planejamento-urbano-site-meio-ambiente-1024x683.jpeg\" class=\"zoom\" rel=\"prettyphoto\"><i class=\"icon-search\"><\/i><\/a><a href=\"https:\/\/arcagoias.org.br\/index.php\/2022\/10\/20\/diagnostico-e-documentos-plano-diretor-de-itumbiara\/\" class=\"link\"><i class=\"icon-link\"><\/i><\/a><\/div><\/div><\/div><div class=\"post-desc-wrapper\"><div class=\"post-desc\"><div class=\"post-head\"><div class=\"post-meta clearfix\"><div class=\"author-date\"><span class=\"date\"><i class=\"icon-clock\"><\/i> <span class=\"post-date updated\">20 de outubro de 2022<\/span><\/span><\/div><\/div><\/div><div class=\"post-title\"><h2 class=\"entry-title\" itemprop=\"headline\"><a href=\"https:\/\/arcagoias.org.br\/index.php\/2022\/10\/20\/diagnostico-e-documentos-plano-diretor-de-itumbiara\/\">Diagn\u00f3stico e Documentos &#8211; Plano Diretor de Itumbiara<\/a><\/h2><\/div><div class=\"post-excerpt\">A revis\u00e3o do Plano Diretor de Itumbiara produziu documentos s\u00edntese que est\u00e3o dispon\u00edveis para download abaixo:<\/div><div class=\"post-footer\"><div class=\"button-love\"><span class=\"love-text\">Gostou disso?<\/span><\/div><div class=\"post-links\"><i class=\"icon-doc-text\"><\/i> <a href=\"https:\/\/arcagoias.org.br\/index.php\/2022\/10\/20\/diagnostico-e-documentos-plano-diretor-de-itumbiara\/\" class=\"post-more\">Leia mais<\/a><\/div><\/div><\/div><\/div><\/div><div class=\"post-item isotope-item clearfix post-446 post type-post status-publish format-standard has-post-thumbnail hentry category-artigos category-destaque\" ><div class=\"date_label\">7 de agosto de 2021<\/div><div class=\"image_frame post-photo-wrapper scale-with-grid image\"><div class=\"image_wrapper\"><a href=\"https:\/\/arcagoias.org.br\/index.php\/2021\/08\/07\/trincheira-na-90-e-um-desastre\/\"><div class=\"mask\"><\/div><img width=\"960\" height=\"500\" src=\"https:\/\/arcagoias.org.br\/wp-content\/uploads\/2021\/08\/noticia-960x500.jpg\" class=\"scale-with-grid wp-post-image\" alt=\"\" srcset=\"https:\/\/arcagoias.org.br\/wp-content\/uploads\/2021\/08\/noticia-960x500.jpg 960w, https:\/\/arcagoias.org.br\/wp-content\/uploads\/2021\/08\/noticia-50x25.jpg 50w\" sizes=\"(max-width: 960px) 100vw, 960px\" \/><\/a><div class=\"image_links double\"><a href=\"https:\/\/arcagoias.org.br\/wp-content\/uploads\/2021\/08\/noticia.jpg\" class=\"zoom\" rel=\"prettyphoto\"><i class=\"icon-search\"><\/i><\/a><a href=\"https:\/\/arcagoias.org.br\/index.php\/2021\/08\/07\/trincheira-na-90-e-um-desastre\/\" class=\"link\"><i class=\"icon-link\"><\/i><\/a><\/div><\/div><\/div><div class=\"post-desc-wrapper\"><div class=\"post-desc\"><div class=\"post-head\"><div class=\"post-meta clearfix\"><div class=\"author-date\"><span class=\"date\"><i class=\"icon-clock\"><\/i> <span class=\"post-date updated\">7 de agosto de 2021<\/span><\/span><\/div><\/div><\/div><div class=\"post-title\"><h2 class=\"entry-title\" itemprop=\"headline\"><a href=\"https:\/\/arcagoias.org.br\/index.php\/2021\/08\/07\/trincheira-na-90-e-um-desastre\/\">Trincheira na 90 \u00e9 um desastre<\/a><\/h2><\/div><div class=\"post-excerpt\">Defender o meio ambiente \u00e9 uma tarefa bastante dif\u00edcil quando se luta contra o poder econ\u00f4mico ou a vontade de pol\u00edticos ignorantes. Voc\u00ea pode ganhar dez<span class=\"excerpt-hellip\"> [\u2026]<\/span><\/div><div class=\"post-footer\"><div class=\"button-love\"><span class=\"love-text\">Gostou disso?<\/span><\/div><div class=\"post-links\"><i class=\"icon-doc-text\"><\/i> <a href=\"https:\/\/arcagoias.org.br\/index.php\/2021\/08\/07\/trincheira-na-90-e-um-desastre\/\" class=\"post-more\">Leia mais<\/a><\/div><\/div><\/div><\/div><\/div><\/div><\/div>\n<\/div>\n[\/vc_column][vc_column width=&#8221;1\/3&#8243;][vc_posts_slider count=&#8221;1&#8243; interval=&#8221;0&#8243; thumb_size=&#8221;300&#215;100&#8243; orderby=&#8221;date&#8221; posttypes=&#8221;post&#8221; title=&#8221;Informa\u00e7\u00f5es: PD Itumbiara&#8221; categories=&#8221;PD Itumbiara,&#8221;][vc_wp_posts title=&#8221;Not\u00edcias recentes&#8221; number=&#8221;5&#8243;][\/vc_column][\/vc_row][vc_row full_width=&#8221;stretch_row_content_no_spaces&#8221;][vc_column][vc_separator color=&#8221;chino&#8221; style=&#8221;double&#8221; el_width=&#8221;20&#8243;][vc_masonry_media_grid style=&#8221;lazy&#8221; items_per_page=&#8221;6&#8243; element_width=&#8221;3&#8243; grid_id=&#8221;vc_gid:1742824918964-81e11e241e5859b743290096613344ff-1&#8243; include=&#8221;193,592,154,160,212,120,112,206,115,607,191,591,205,196,204,187,188,195,117,161,192,77,164,190,116,209,203&#8243;][\/vc_column][\/vc_row][vc_row][vc_column][vc_separator color=&#8221;chino&#8221; style=&#8221;double&#8221; el_width=&#8221;20&#8243;][\/vc_column][\/vc_row]<\/p>\n","protected":false},"excerpt":{"rendered":"<p>\t\t\t\t<![CDATA[]]>\t\t<\/p>\n","protected":false},"author":1,"featured_media":0,"parent":0,"menu_order":0,"comment_status":"closed","ping_status":"closed","template":"","meta":{"_monsterinsights_skip_tracking":false,"_monsterinsights_sitenote_active":false,"_monsterinsights_sitenote_note":"","_monsterinsights_sitenote_category":0},"_links":{"self":[{"href":"https:\/\/arcagoias.org.br\/index.php\/wp-json\/wp\/v2\/pages\/476"}],"collection":[{"href":"https:\/\/arcagoias.org.br\/index.php\/wp-json\/wp\/v2\/pages"}],"about":[{"href":"https:\/\/arcagoias.org.br\/index.php\/wp-json\/wp\/v2\/types\/page"}],"author":[{"embeddable":true,"href":"https:\/\/arcagoias.org.br\/index.php\/wp-json\/wp\/v2\/users\/1"}],"replies":[{"embeddable":true,"href":"https:\/\/arcagoias.org.br\/index.php\/wp-json\/wp\/v2\/comments?post=476"}],"version-history":[{"count":76,"href":"https:\/\/arcagoias.org.br\/index.php\/wp-json\/wp\/v2\/pages\/476\/revisions"}],"predecessor-version":[{"id":756,"href":"https:\/\/arcagoias.org.br\/index.php\/wp-json\/wp\/v2\/pages\/476\/revisions\/756"}],"wp:attachment":[{"href":"https:\/\/arcagoias.org.br\/index.php\/wp-json\/wp\/v2\/media?parent=476"}],"curies":[{"name":"wp","href":"https:\/\/api.w.org\/{rel}","templated":true}]}}