{"id":38,"date":"2019-02-28T11:34:24","date_gmt":"2019-02-28T14:34:24","guid":{"rendered":"https:\/\/themes.muffingroup.com\/be\/interior5\/?page_id=38"},"modified":"2021-11-26T19:10:51","modified_gmt":"2021-11-26T22:10:51","slug":"pd-itumbiara","status":"publish","type":"page","link":"https:\/\/arcagoias.org.br\/index.php\/pd-itumbiara\/","title":{"rendered":"PD Itumbiara"},"content":{"rendered":"<p>[vc_row][vc_column][vc_column_text][\/vc_column_text][\/vc_column][\/vc_row][vc_row full_width=&#8221;stretch_row&#8221; gap=&#8221;25&#8243; equal_height=&#8221;yes&#8221; content_placement=&#8221;middle&#8221; css=&#8221;.vc_custom_1628297547290{padding-top: 100px !important;padding-bottom: 100px !important;background-color: #f2ca6b !important;background-position: center !important;background-repeat: no-repeat !important;background-size: cover !important;}&#8221;][vc_column width=&#8221;1\/4&#8243;][\/vc_column][vc_column width=&#8221;2\/4&#8243; css=&#8221;.vc_custom_1476107690140{border: 3px solid #ffffff !important;}&#8221;][vc_custom_heading text=&#8221;&#8221; font_container=&#8221;tag:h2|text_align:center|color:%23ff0000|line_height:1&#8243; google_fonts=&#8221;font_family:Open%20Sans%3A300%2C300italic%2Cregular%2Citalic%2C600%2C600italic%2C700%2C700italic%2C800%2C800italic|font_style:800%20bold%20regular%3A800%3Anormal&#8221;][vc_custom_heading text=&#8221;PD Itumbiara &#8211; GO&#8221; font_container=&#8221;tag:h2|font_size:50|text_align:center|color:%233d3d3d|line_height:1&#8243; google_fonts=&#8221;font_family:Open%20Sans%3A300%2C300italic%2Cregular%2Citalic%2C600%2C600italic%2C700%2C700italic%2C800%2C800italic|font_style:800%20bold%20regular%3A800%3Anormal&#8221; css=&#8221;.vc_custom_1628374664748{padding-bottom: 25px !important;}&#8221;][vc_custom_heading text=&#8221;Nesse espa\u00e7o reunimos todos os textos produzidos, as an\u00e1lises e relat\u00f3rios feitos para o trabalho de diagn\u00f3stico e levantamento das propostas elaboradas para a Revis\u00e3o do Plano Diretor de Itumbiara.&#8221; font_container=&#8221;tag:h4|text_align:center|color:%233d3d3d|line_height:1&#8243; google_fonts=&#8221;font_family:Open%20Sans%3A300%2C300italic%2Cregular%2Citalic%2C600%2C600italic%2C700%2C700italic%2C800%2C800italic|font_style:400%20regular%3A400%3Anormal&#8221; css=&#8221;.vc_custom_1628374724530{padding-bottom: 25px !important;}&#8221;][vc_btn title=&#8221;<b>PARTICIPE!&#8221; style=&#8221;outline-custom&#8221; outline_custom_color=&#8221;#dd0000&#8243; outline_custom_hover_background=&#8221;#dd0000&#8243; outline_custom_hover_text=&#8221;#ffffff&#8221; size=&#8221;lg&#8221; align=&#8221;center&#8221; link=&#8221;url:https%3A%2F%2Farcagoias.org.br%2F|title:Sobre||&#8221;][vc_custom_heading text=&#8221;<b>Leia e comente, a opini\u00e3o de todos e todas \u00e9 muito importante!<b>&#8221; font_container=&#8221;tag:h4|text_align:center|color:%233d3d3d|line_height:1&#8243; google_fonts=&#8221;font_family:Open%20Sans%3A300%2C300italic%2Cregular%2Citalic%2C600%2C600italic%2C700%2C700italic%2C800%2C800italic|font_style:400%20regular%3A400%3Anormal&#8221; css=&#8221;.vc_custom_1628374716362{padding-bottom: 25px !important;}&#8221;][\/vc_column][vc_column width=&#8221;1\/4&#8243;][\/vc_column][\/vc_row][vc_row][vc_column][vc_separator color=&#8221;chino&#8221; style=&#8221;double&#8221; el_width=&#8221;20&#8243;][vc_custom_heading text=&#8221;AN\u00c1LISES:&#8221; font_container=&#8221;tag:h2|text_align:center|color:%233d3d3d&#8221; google_fonts=&#8221;font_family:Open%20Sans%3A300%2C300italic%2Cregular%2Citalic%2C600%2C600italic%2C700%2C700italic%2C800%2C800italic|font_style:700%20bold%20regular%3A700%3Anormal&#8221; css=&#8221;.vc_custom_1628374802912{padding-bottom: 50px !important;}&#8221;]<div class=\"column_filters\"><div class=\"blog_wrapper isotope_wrapper clearfix\"><div class=\"posts_group lm_wrapper col-2 classic hide-more\"><div class=\"post-item isotope-item clearfix post-732 post type-post status-publish format-standard has-post-thumbnail hentry category-artigos category-destaque category-pd-itumbiara\" ><div class=\"date_label\">20 de outubro de 2022<\/div><div class=\"image_frame post-photo-wrapper scale-with-grid image\"><div class=\"image_wrapper\"><a href=\"https:\/\/arcagoias.org.br\/index.php\/2022\/10\/20\/diagnostico-e-documentos-plano-diretor-de-itumbiara\/\"><div class=\"mask\"><\/div><img width=\"960\" height=\"720\" src=\"https:\/\/arcagoias.org.br\/wp-content\/uploads\/2022\/10\/Itumbiara-prac\u0327a-da-repu\u0301blica-plano-diretor-arca-goia\u0301s-planejamento-urbano-site-meio-ambiente-960x720.jpeg\" class=\"scale-with-grid wp-post-image\" alt=\"\" \/><\/a><div class=\"image_links double\"><a href=\"https:\/\/arcagoias.org.br\/wp-content\/uploads\/2022\/10\/Itumbiara-prac\u0327a-da-repu\u0301blica-plano-diretor-arca-goia\u0301s-planejamento-urbano-site-meio-ambiente-1024x683.jpeg\" class=\"zoom\" rel=\"prettyphoto\"><i class=\"icon-search\"><\/i><\/a><a href=\"https:\/\/arcagoias.org.br\/index.php\/2022\/10\/20\/diagnostico-e-documentos-plano-diretor-de-itumbiara\/\" class=\"link\"><i class=\"icon-link\"><\/i><\/a><\/div><\/div><\/div><div class=\"post-desc-wrapper\"><div class=\"post-desc\"><div class=\"post-head\"><div class=\"post-meta clearfix\"><div class=\"author-date\"><span class=\"date\"><i class=\"icon-clock\"><\/i> <span class=\"post-date updated\">20 de outubro de 2022<\/span><\/span><\/div><\/div><\/div><div class=\"post-title\"><h2 class=\"entry-title\" itemprop=\"headline\"><a href=\"https:\/\/arcagoias.org.br\/index.php\/2022\/10\/20\/diagnostico-e-documentos-plano-diretor-de-itumbiara\/\">Diagn\u00f3stico e Documentos &#8211; Plano Diretor de Itumbiara<\/a><\/h2><\/div><div class=\"post-excerpt\">A revis\u00e3o do Plano Diretor de Itumbiara produziu documentos s\u00edntese que est\u00e3o dispon\u00edveis para download abaixo:<\/div><div class=\"post-footer\"><div class=\"button-love\"><span class=\"love-text\">Gostou disso?<\/span><\/div><div class=\"post-links\"><i class=\"icon-doc-text\"><\/i> <a href=\"https:\/\/arcagoias.org.br\/index.php\/2022\/10\/20\/diagnostico-e-documentos-plano-diretor-de-itumbiara\/\" class=\"post-more\">Leia mais<\/a><\/div><\/div><\/div><\/div><\/div><div class=\"post-item isotope-item clearfix post-725 post type-post status-publish format-standard has-post-thumbnail hentry category-pd-itumbiara\" ><div class=\"date_label\">9 de mar\u00e7o de 2022<\/div><div class=\"image_frame post-photo-wrapper scale-with-grid image\"><div class=\"image_wrapper\"><a href=\"https:\/\/arcagoias.org.br\/index.php\/2022\/03\/09\/relatorio-da-reuniao-setorial-cultura-e-estimulo-a-producao-cultural\/\"><div class=\"mask\"><\/div><img width=\"500\" height=\"334\" src=\"https:\/\/arcagoias.org.br\/wp-content\/uploads\/2022\/03\/Escola_JosA_Gomes_Pereira-500x334-1.jpeg\" class=\"scale-with-grid wp-post-image\" alt=\"\" srcset=\"https:\/\/arcagoias.org.br\/wp-content\/uploads\/2022\/03\/Escola_JosA_Gomes_Pereira-500x334-1.jpeg 500w, https:\/\/arcagoias.org.br\/wp-content\/uploads\/2022\/03\/Escola_JosA_Gomes_Pereira-500x334-1-300x200.jpeg 300w, https:\/\/arcagoias.org.br\/wp-content\/uploads\/2022\/03\/Escola_JosA_Gomes_Pereira-500x334-1-219x146.jpeg 219w, https:\/\/arcagoias.org.br\/wp-content\/uploads\/2022\/03\/Escola_JosA_Gomes_Pereira-500x334-1-50x33.jpeg 50w, https:\/\/arcagoias.org.br\/wp-content\/uploads\/2022\/03\/Escola_JosA_Gomes_Pereira-500x334-1-112x75.jpeg 112w\" sizes=\"(max-width: 500px) 100vw, 500px\" \/><\/a><div class=\"image_links double\"><a href=\"https:\/\/arcagoias.org.br\/wp-content\/uploads\/2022\/03\/Escola_JosA_Gomes_Pereira-500x334-1.jpeg\" class=\"zoom\" rel=\"prettyphoto\"><i class=\"icon-search\"><\/i><\/a><a href=\"https:\/\/arcagoias.org.br\/index.php\/2022\/03\/09\/relatorio-da-reuniao-setorial-cultura-e-estimulo-a-producao-cultural\/\" class=\"link\"><i class=\"icon-link\"><\/i><\/a><\/div><\/div><\/div><div class=\"post-desc-wrapper\"><div class=\"post-desc\"><div class=\"post-head\"><div class=\"post-meta clearfix\"><div class=\"author-date\"><span class=\"date\"><i class=\"icon-clock\"><\/i> <span class=\"post-date updated\">9 de mar\u00e7o de 2022<\/span><\/span><\/div><\/div><\/div><div class=\"post-title\"><h2 class=\"entry-title\" itemprop=\"headline\"><a href=\"https:\/\/arcagoias.org.br\/index.php\/2022\/03\/09\/relatorio-da-reuniao-setorial-cultura-e-estimulo-a-producao-cultural\/\">Relat\u00f3rio da Reuni\u00e3o Setorial Cultura e est\u00edmulo a produ\u00e7\u00e3o cultural<\/a><\/h2><\/div><div class=\"post-excerpt\">Data: 27\/01\/2022 Hor\u00e1rio: 9h Local: Reuni\u00e3o realizada de forma virtual pelo Zoom por causa da pandemia Wender Borges, presidente do CONDUR, deu in\u00edcio a reuni\u00e3o as<span class=\"excerpt-hellip\"> [\u2026]<\/span><\/div><div class=\"post-footer\"><div class=\"button-love\"><span class=\"love-text\">Gostou disso?<\/span><\/div><div class=\"post-links\"><i class=\"icon-doc-text\"><\/i> <a href=\"https:\/\/arcagoias.org.br\/index.php\/2022\/03\/09\/relatorio-da-reuniao-setorial-cultura-e-estimulo-a-producao-cultural\/\" class=\"post-more\">Leia mais<\/a><\/div><\/div><\/div><\/div><\/div><div class=\"post-item isotope-item clearfix post-722 post type-post status-publish format-standard has-post-thumbnail hentry category-pd-itumbiara\" ><div class=\"date_label\">9 de mar\u00e7o de 2022<\/div><div class=\"image_frame post-photo-wrapper scale-with-grid image\"><div class=\"image_wrapper\"><a href=\"https:\/\/arcagoias.org.br\/index.php\/2022\/03\/09\/relatorio-da-reuniao-setorial-expansao-urbana-e-novos-loteamentos\/\"><div class=\"mask\"><\/div><img width=\"259\" height=\"194\" src=\"https:\/\/arcagoias.org.br\/wp-content\/uploads\/2022\/03\/images-1.jpeg\" class=\"scale-with-grid wp-post-image\" alt=\"\" srcset=\"https:\/\/arcagoias.org.br\/wp-content\/uploads\/2022\/03\/images-1.jpeg 259w, https:\/\/arcagoias.org.br\/wp-content\/uploads\/2022\/03\/images-1-195x146.jpeg 195w, https:\/\/arcagoias.org.br\/wp-content\/uploads\/2022\/03\/images-1-50x37.jpeg 50w, https:\/\/arcagoias.org.br\/wp-content\/uploads\/2022\/03\/images-1-100x75.jpeg 100w\" sizes=\"(max-width: 259px) 100vw, 259px\" \/><\/a><div class=\"image_links double\"><a href=\"https:\/\/arcagoias.org.br\/wp-content\/uploads\/2022\/03\/images-1.jpeg\" class=\"zoom\" rel=\"prettyphoto\"><i class=\"icon-search\"><\/i><\/a><a href=\"https:\/\/arcagoias.org.br\/index.php\/2022\/03\/09\/relatorio-da-reuniao-setorial-expansao-urbana-e-novos-loteamentos\/\" class=\"link\"><i class=\"icon-link\"><\/i><\/a><\/div><\/div><\/div><div class=\"post-desc-wrapper\"><div class=\"post-desc\"><div class=\"post-head\"><div class=\"post-meta clearfix\"><div class=\"author-date\"><span class=\"date\"><i class=\"icon-clock\"><\/i> <span class=\"post-date updated\">9 de mar\u00e7o de 2022<\/span><\/span><\/div><\/div><\/div><div class=\"post-title\"><h2 class=\"entry-title\" itemprop=\"headline\"><a href=\"https:\/\/arcagoias.org.br\/index.php\/2022\/03\/09\/relatorio-da-reuniao-setorial-expansao-urbana-e-novos-loteamentos\/\">Relat\u00f3rio da Reuni\u00e3o Setorial Expans\u00e3o Urbana e Novos Loteamentos<\/a><\/h2><\/div><div class=\"post-excerpt\">Data: 26\/01\/2022 Hor\u00e1rio: 15h Local: Reuni\u00e3o realizada de forma virtual pelo Zoom por causa da pandemia Wender Borges, presidente do CONDUR, iniciou a reuni\u00e3o \u00e0s 15:20.<span class=\"excerpt-hellip\"> [\u2026]<\/span><\/div><div class=\"post-footer\"><div class=\"button-love\"><span class=\"love-text\">Gostou disso?<\/span><\/div><div class=\"post-links\"><i class=\"icon-doc-text\"><\/i> <a href=\"https:\/\/arcagoias.org.br\/index.php\/2022\/03\/09\/relatorio-da-reuniao-setorial-expansao-urbana-e-novos-loteamentos\/\" class=\"post-more\">Leia mais<\/a><\/div><\/div><\/div><\/div><\/div><\/div><div class=\"column one pager_wrapper\"><div class=\"pager\"><div class=\"pages\"><a href=\"https:\/\/arcagoias.org.br\/index.php\/wp-json\/wp\/v2\/pages\/38\" class=\"page active\">1<\/a><a href=\"https:\/\/arcagoias.org.br\/index.php\/wp-json\/wp\/v2\/pages\/38\/page\/2\/\" class=\"page\">2<\/a><a href=\"https:\/\/arcagoias.org.br\/index.php\/wp-json\/wp\/v2\/pages\/38\/page\/3\/\" class=\"page\">3<\/a><a href=\"https:\/\/arcagoias.org.br\/index.php\/wp-json\/wp\/v2\/pages\/38\/page\/4\/\" class=\"page\">4<\/a><a href=\"https:\/\/arcagoias.org.br\/index.php\/wp-json\/wp\/v2\/pages\/38\/page\/5\/\" class=\"page\">5<\/a><a href=\"https:\/\/arcagoias.org.br\/index.php\/wp-json\/wp\/v2\/pages\/38\/page\/6\/\" class=\"page\">6<\/a><a href=\"https:\/\/arcagoias.org.br\/index.php\/wp-json\/wp\/v2\/pages\/38\/page\/7\/\" class=\"page\">7<\/a><a href=\"https:\/\/arcagoias.org.br\/index.php\/wp-json\/wp\/v2\/pages\/38\/page\/8\/\" class=\"page\">8<\/a><\/div><a class=\"next_page\" href=\"https:\/\/arcagoias.org.br\/index.php\/wp-json\/wp\/v2\/pages\/38\/page\/2\/\">Pr\u00f3xima p\u00e1gina<i class=\"icon-right-open\"><\/i><\/a><\/div><\/div>\n<\/div>\n<\/div>\n[\/vc_column][\/vc_row]<\/b><\/b><\/b><\/p>\n","protected":false},"excerpt":{"rendered":"<p>\t\t\t\t<![CDATA[]]>\t\t<\/p>\n","protected":false},"author":1,"featured_media":0,"parent":0,"menu_order":0,"comment_status":"closed","ping_status":"closed","template":"","meta":{"_monsterinsights_skip_tracking":false,"_monsterinsights_sitenote_active":false,"_monsterinsights_sitenote_note":"","_monsterinsights_sitenote_category":0},"_links":{"self":[{"href":"https:\/\/arcagoias.org.br\/index.php\/wp-json\/wp\/v2\/pages\/38"}],"collection":[{"href":"https:\/\/arcagoias.org.br\/index.php\/wp-json\/wp\/v2\/pages"}],"about":[{"href":"https:\/\/arcagoias.org.br\/index.php\/wp-json\/wp\/v2\/types\/page"}],"author":[{"embeddable":true,"href":"https:\/\/arcagoias.org.br\/index.php\/wp-json\/wp\/v2\/users\/1"}],"replies":[{"embeddable":true,"href":"https:\/\/arcagoias.org.br\/index.php\/wp-json\/wp\/v2\/comments?post=38"}],"version-history":[{"count":44,"href":"https:\/\/arcagoias.org.br\/index.php\/wp-json\/wp\/v2\/pages\/38\/revisions"}],"predecessor-version":[{"id":639,"href":"https:\/\/arcagoias.org.br\/index.php\/wp-json\/wp\/v2\/pages\/38\/revisions\/639"}],"wp:attachment":[{"href":"https:\/\/arcagoias.org.br\/index.php\/wp-json\/wp\/v2\/media?parent=38"}],"curies":[{"name":"wp","href":"https:\/\/api.w.org\/{rel}","templated":true}]}}